{"id":8,"date":"2022-06-18T18:21:44","date_gmt":"2022-06-18T16:21:44","guid":{"rendered":"http:\/\/ciampini.fr\/?page_id=8"},"modified":"2024-02-06T18:22:00","modified_gmt":"2024-02-06T17:22:00","slug":"contact","status":"publish","type":"page","link":"https:\/\/ciampini.fr\/index.php\/contact\/","title":{"rendered":"Contact"},"content":{"rendered":"<style>.kb-row-layout-wrap.wp-block-kadence-rowlayout.kb-row-layout-id8_9f7cb1-3b{margin-bottom:0px;}.kb-row-layout-id8_9f7cb1-3b > .kt-row-column-wrap{align-content:start;}:where(.kb-row-layout-id8_9f7cb1-3b > .kt-row-column-wrap) > .wp-block-kadence-column{justify-content:start;}.kb-row-layout-id8_9f7cb1-3b > .kt-row-column-wrap{column-gap:var(--global-kb-gap-md, 2rem);row-gap:var(--global-kb-gap-md, 2rem);max-width:var( --global-content-width, 1290px );padding-left:var(--global-content-edge-padding);padding-right:var(--global-content-edge-padding);padding-top:8px;padding-bottom:11px;grid-template-columns:minmax(0, 1fr);}.kb-row-layout-id8_9f7cb1-3b{background-image:url('https:\/\/ciampini.fr\/wp-content\/uploads\/2022\/08\/tim-gouw-MP8gUVg2bMQ-unsplash.jpg');background-size:cover;background-position:49% 51%;background-attachment:scroll;background-repeat:no-repeat;}.kb-row-layout-id8_9f7cb1-3b > .kt-row-layout-overlay{opacity:0.60;background-color:var(--global-palette3, #1A202C);}@media all and (max-width: 1024px){.kb-row-layout-id8_9f7cb1-3b > .kt-row-column-wrap{grid-template-columns:minmax(0, 1fr);}}@media all and (max-width: 767px){.kb-row-layout-id8_9f7cb1-3b > .kt-row-column-wrap{grid-template-columns:minmax(0, 1fr);}}<\/style><div class=\"kb-row-layout-wrap kb-row-layout-id8_9f7cb1-3b aligncenter kt-row-has-bg wp-block-kadence-rowlayout\"><div class=\"kt-row-layout-overlay kt-row-overlay-normal\"><\/div><div class=\"kt-row-column-wrap kt-has-1-columns kt-row-layout-equal kt-tab-layout-inherit kt-mobile-layout-row kt-row-valign-top kb-theme-content-width\">\n<style>.kadence-column8_b92a8b-54 > .kt-inside-inner-col,.kadence-column8_b92a8b-54 > .kt-inside-inner-col:before{border-top-left-radius:0px;border-top-right-radius:0px;border-bottom-right-radius:0px;border-bottom-left-radius:0px;}.kadence-column8_b92a8b-54 > .kt-inside-inner-col{column-gap:var(--global-kb-gap-sm, 1rem);}.kadence-column8_b92a8b-54 > .kt-inside-inner-col{flex-direction:column;}.kadence-column8_b92a8b-54 > .kt-inside-inner-col > .aligncenter{width:100%;}.kadence-column8_b92a8b-54 > .kt-inside-inner-col:before{opacity:0.3;}.kadence-column8_b92a8b-54{position:relative;}@media all and (max-width: 1024px){.kadence-column8_b92a8b-54 > .kt-inside-inner-col{flex-direction:column;justify-content:center;}}@media all and (max-width: 767px){.kadence-column8_b92a8b-54 > .kt-inside-inner-col{flex-direction:column;justify-content:center;}}<\/style>\n<div class=\"wp-block-kadence-column kadence-column8_b92a8b-54 inner-column-1\"><div class=\"kt-inside-inner-col\"><style>.wp-block-kadence-advancedheading.kt-adv-heading8_0aa337-e3, .wp-block-kadence-advancedheading.kt-adv-heading8_0aa337-e3[data-kb-block=\"kb-adv-heading8_0aa337-e3\"]{text-align:center;font-style:normal;}.wp-block-kadence-advancedheading.kt-adv-heading8_0aa337-e3 mark.kt-highlight, .wp-block-kadence-advancedheading.kt-adv-heading8_0aa337-e3[data-kb-block=\"kb-adv-heading8_0aa337-e3\"] mark.kt-highlight{font-style:normal;color:#f76a0c;-webkit-box-decoration-break:clone;box-decoration-break:clone;padding-top:0px;padding-right:0px;padding-bottom:0px;padding-left:0px;}.wp-block-kadence-advancedheading.kt-adv-heading8_0aa337-e3 img.kb-inline-image, .wp-block-kadence-advancedheading.kt-adv-heading8_0aa337-e3[data-kb-block=\"kb-adv-heading8_0aa337-e3\"] img.kb-inline-image{width:150px;vertical-align:baseline;}@media all and (max-width: 767px){.wp-block-kadence-advancedheading.kt-adv-heading8_0aa337-e3, .wp-block-kadence-advancedheading.kt-adv-heading8_0aa337-e3[data-kb-block=\"kb-adv-heading8_0aa337-e3\"]{font-size:42px;}}<\/style>\n<h1 class=\"kt-adv-heading8_0aa337-e3 wp-block-kadence-advancedheading has-theme-palette-9-color has-text-color\" data-kb-block=\"kb-adv-heading8_0aa337-e3\">Vous souhaitez des renseignements ?<\/h1>\n\n\n<style>.wp-block-kadence-advancedheading.kt-adv-heading8_c3edf4-c8, .wp-block-kadence-advancedheading.kt-adv-heading8_c3edf4-c8[data-kb-block=\"kb-adv-heading8_c3edf4-c8\"]{text-align:center;font-style:normal;}.wp-block-kadence-advancedheading.kt-adv-heading8_c3edf4-c8 mark.kt-highlight, .wp-block-kadence-advancedheading.kt-adv-heading8_c3edf4-c8[data-kb-block=\"kb-adv-heading8_c3edf4-c8\"] mark.kt-highlight{font-style:normal;color:#f76a0c;-webkit-box-decoration-break:clone;box-decoration-break:clone;padding-top:0px;padding-right:0px;padding-bottom:0px;padding-left:0px;}.wp-block-kadence-advancedheading.kt-adv-heading8_c3edf4-c8 img.kb-inline-image, .wp-block-kadence-advancedheading.kt-adv-heading8_c3edf4-c8[data-kb-block=\"kb-adv-heading8_c3edf4-c8\"] img.kb-inline-image{width:150px;vertical-align:baseline;}<\/style>\n<p class=\"kt-adv-heading8_c3edf4-c8 wp-block-kadence-advancedheading has-theme-palette-9-color has-text-color\" data-kb-block=\"kb-adv-heading8_c3edf4-c8\">Les \u0153uvres expos\u00e9es dans ce site sont la propri\u00e9t\u00e9 intellectuelle de leurs auteurs.  Contactez-nous pour plus de renseignements<\/p>\n<\/div><\/div>\n\n<\/div><\/div>\n\n<style>.wp-block-kadence-advancedheading.kt-adv-heading8_d19b22-bd, .wp-block-kadence-advancedheading.kt-adv-heading8_d19b22-bd[data-kb-block=\"kb-adv-heading8_d19b22-bd\"]{text-align:center;font-style:normal;}.wp-block-kadence-advancedheading.kt-adv-heading8_d19b22-bd mark.kt-highlight, .wp-block-kadence-advancedheading.kt-adv-heading8_d19b22-bd[data-kb-block=\"kb-adv-heading8_d19b22-bd\"] mark.kt-highlight{font-style:normal;color:#f76a0c;-webkit-box-decoration-break:clone;box-decoration-break:clone;padding-top:0px;padding-right:0px;padding-bottom:0px;padding-left:0px;}.wp-block-kadence-advancedheading.kt-adv-heading8_d19b22-bd img.kb-inline-image, .wp-block-kadence-advancedheading.kt-adv-heading8_d19b22-bd[data-kb-block=\"kb-adv-heading8_d19b22-bd\"] img.kb-inline-image{width:150px;vertical-align:baseline;}<\/style>\n<h2 class=\"kt-adv-heading8_d19b22-bd wp-block-kadence-advancedheading has-theme-palette-4-color has-text-color\" data-kb-block=\"kb-adv-heading8_d19b22-bd\">Si vous souhaitez nous joindre<\/h2>\n\n\n<style>.kadence-column8_8534cf-75 > .kt-inside-inner-col,.kadence-column8_8534cf-75 > .kt-inside-inner-col:before{border-top-left-radius:0px;border-top-right-radius:0px;border-bottom-right-radius:0px;border-bottom-left-radius:0px;}.kadence-column8_8534cf-75 > .kt-inside-inner-col{column-gap:var(--global-kb-gap-sm, 1rem);}.kadence-column8_8534cf-75 > .kt-inside-inner-col{flex-direction:column;}.kadence-column8_8534cf-75 > .kt-inside-inner-col > .aligncenter{width:100%;}.kadence-column8_8534cf-75 > .kt-inside-inner-col:before{opacity:0.3;}.kadence-column8_8534cf-75{position:relative;}@media all and (max-width: 1024px){.kadence-column8_8534cf-75 > .kt-inside-inner-col{flex-direction:column;justify-content:center;}}@media all and (max-width: 767px){.kadence-column8_8534cf-75 > .kt-inside-inner-col{flex-direction:column;justify-content:center;}}<\/style>\n<div class=\"wp-block-kadence-column kadence-column8_8534cf-75\"><div class=\"kt-inside-inner-col\"><\/div><\/div>\n\n\n<style>.kb-row-layout-id8_de9d93-49 > .kt-row-column-wrap{align-content:start;}:where(.kb-row-layout-id8_de9d93-49 > .kt-row-column-wrap) > .wp-block-kadence-column{justify-content:start;}.kb-row-layout-id8_de9d93-49 > .kt-row-column-wrap{column-gap:var(--global-kb-gap-lg, 4rem);row-gap:var(--global-kb-gap-md, 2rem);padding-top:var(--global-kb-spacing-xxs, 0.5rem);padding-bottom:var(--global-kb-spacing-xxs, 0.5rem);grid-template-columns:repeat(2, minmax(0, 1fr));}.kb-row-layout-id8_de9d93-49 > .kt-row-layout-overlay{opacity:0.30;}@media all and (max-width: 1024px){.kb-row-layout-id8_de9d93-49 > .kt-row-column-wrap{grid-template-columns:repeat(2, minmax(0, 1fr));}}@media all and (max-width: 767px){.kb-row-layout-id8_de9d93-49 > .kt-row-column-wrap{grid-template-columns:minmax(0, 1fr);}}.kb-row-layout-id8_de9d93-49 .grid-icon {  display: contents;}<\/style><div class=\"kb-row-layout-wrap kb-row-layout-id8_de9d93-49 alignnone wp-block-kadence-rowlayout\"><div class=\"kt-row-column-wrap kt-has-2-columns kt-row-layout-equal kt-tab-layout-inherit kt-mobile-layout-row kt-row-valign-top\">\n<style>.kadence-column8_57aa0d-88 > .kt-inside-inner-col,.kadence-column8_57aa0d-88 > .kt-inside-inner-col:before{border-top-left-radius:0px;border-top-right-radius:0px;border-bottom-right-radius:0px;border-bottom-left-radius:0px;}.kadence-column8_57aa0d-88 > .kt-inside-inner-col{column-gap:var(--global-kb-gap-sm, 1rem);}.kadence-column8_57aa0d-88 > .kt-inside-inner-col{flex-direction:column;}.kadence-column8_57aa0d-88 > .kt-inside-inner-col > .aligncenter{width:100%;}.kadence-column8_57aa0d-88 > .kt-inside-inner-col:before{opacity:0.3;}.kadence-column8_57aa0d-88{position:relative;}@media all and (max-width: 1024px){.kadence-column8_57aa0d-88 > .kt-inside-inner-col{flex-direction:column;justify-content:center;}}@media all and (max-width: 767px){.kadence-column8_57aa0d-88 > .kt-inside-inner-col{flex-direction:column;justify-content:center;}}<\/style>\n<div class=\"wp-block-kadence-column kadence-column8_57aa0d-88 kb-section-dir-vertical inner-column-1\"><div class=\"kt-inside-inner-col\"><style>.wp-block-kadence-icon.kt-svg-icons8_2af33f-93{justify-content:flex-start;}<\/style>\n<div class=\"wp-block-kadence-icon kt-svg-icons kt-svg-icons8_2af33f-93 alignleft kb-icon-valign-top grid-icon\"><style>.kt-svg-item-8_70f017-c4 .kb-svg-icon-wrap, .kt-svg-style-stacked.kt-svg-item-8_70f017-c4 .kb-svg-icon-wrap{color:var(--global-palette9, #ffffff);font-size:23px;margin-bottom:20px;background:var(--global-palette1, #3182CE);border-width:0px;border-radius:50%;padding-top:20px;padding-right:20px;padding-bottom:20px;padding-left:20px;}<\/style>\n<div class=\"wp-block-kadence-single-icon kt-svg-style-stacked kt-svg-icon-wrap kt-svg-item-8_70f017-c4\"><span class=\"kb-svg-icon-wrap kb-svg-icon-ic_closed\"><svg viewBox=\"0 0 8 8\"  fill=\"currentColor\" xmlns=\"http:\/\/www.w3.org\/2000\/svg\"  aria-hidden=\"true\"><path d=\"M0 0v1l4 2 4-2v-1h-8zm0 2v4h8v-4l-4 2-4-2z\" transform=\"translate(0 1)\"\/><\/svg><\/span><\/div>\n<\/div>\n\n\n<style>.wp-block-kadence-advancedheading.kt-adv-heading8_51222a-c3, .wp-block-kadence-advancedheading.kt-adv-heading8_51222a-c3[data-kb-block=\"kb-adv-heading8_51222a-c3\"]{text-align:center;font-style:normal;}.wp-block-kadence-advancedheading.kt-adv-heading8_51222a-c3 mark.kt-highlight, .wp-block-kadence-advancedheading.kt-adv-heading8_51222a-c3[data-kb-block=\"kb-adv-heading8_51222a-c3\"] mark.kt-highlight{font-style:normal;color:#f76a0c;-webkit-box-decoration-break:clone;box-decoration-break:clone;padding-top:0px;padding-right:0px;padding-bottom:0px;padding-left:0px;}.wp-block-kadence-advancedheading.kt-adv-heading8_51222a-c3 img.kb-inline-image, .wp-block-kadence-advancedheading.kt-adv-heading8_51222a-c3[data-kb-block=\"kb-adv-heading8_51222a-c3\"] img.kb-inline-image{width:150px;vertical-align:baseline;}<\/style>\n<h6 class=\"kt-adv-heading8_51222a-c3 wp-block-kadence-advancedheading has-theme-palette-1-color has-text-color\" data-kb-block=\"kb-adv-heading8_51222a-c3\">Email <\/h6>\n\n\n<style>.wp-block-kadence-advancedheading.kt-adv-heading8_c2f9a9-75, .wp-block-kadence-advancedheading.kt-adv-heading8_c2f9a9-75[data-kb-block=\"kb-adv-heading8_c2f9a9-75\"]{text-align:center;font-size:28px;font-style:normal;}.wp-block-kadence-advancedheading.kt-adv-heading8_c2f9a9-75 mark.kt-highlight, .wp-block-kadence-advancedheading.kt-adv-heading8_c2f9a9-75[data-kb-block=\"kb-adv-heading8_c2f9a9-75\"] mark.kt-highlight{font-style:normal;color:#f76a0c;-webkit-box-decoration-break:clone;box-decoration-break:clone;padding-top:0px;padding-right:0px;padding-bottom:0px;padding-left:0px;}.wp-block-kadence-advancedheading.kt-adv-heading8_c2f9a9-75 img.kb-inline-image, .wp-block-kadence-advancedheading.kt-adv-heading8_c2f9a9-75[data-kb-block=\"kb-adv-heading8_c2f9a9-75\"] img.kb-inline-image{width:150px;vertical-align:baseline;}<\/style>\n<h3 class=\"kt-adv-heading8_c2f9a9-75 wp-block-kadence-advancedheading has-theme-palette-3-color has-text-color\" data-kb-block=\"kb-adv-heading8_c2f9a9-75\">contact@ciampini.fr<br><\/h3>\n<\/div><\/div>\n\n\n<style>.kadence-column8_e5f5b7-e7 > .kt-inside-inner-col,.kadence-column8_e5f5b7-e7 > .kt-inside-inner-col:before{border-top-left-radius:0px;border-top-right-radius:0px;border-bottom-right-radius:0px;border-bottom-left-radius:0px;}.kadence-column8_e5f5b7-e7 > .kt-inside-inner-col{column-gap:var(--global-kb-gap-sm, 1rem);}.kadence-column8_e5f5b7-e7 > .kt-inside-inner-col{flex-direction:column;}.kadence-column8_e5f5b7-e7 > .kt-inside-inner-col > .aligncenter{width:100%;}.kadence-column8_e5f5b7-e7 > .kt-inside-inner-col:before{opacity:0.3;}.kadence-column8_e5f5b7-e7{position:relative;}@media all and (max-width: 1024px){.kadence-column8_e5f5b7-e7 > .kt-inside-inner-col{flex-direction:column;justify-content:center;}}@media all and (max-width: 767px){.kadence-column8_e5f5b7-e7 > .kt-inside-inner-col{flex-direction:column;justify-content:center;}}<\/style>\n<div class=\"wp-block-kadence-column kadence-column8_e5f5b7-e7 inner-column-2\"><div class=\"kt-inside-inner-col\"><style>.wp-block-kadence-icon.kt-svg-icons8_2fe62e-b5{justify-content:flex-start;}<\/style>\n<div class=\"wp-block-kadence-icon kt-svg-icons kt-svg-icons8_2fe62e-b5 alignleft kb-icon-valign-top grid-icon\"><style>.kt-svg-item-8_110f96-52 .kb-svg-icon-wrap, .kt-svg-style-stacked.kt-svg-item-8_110f96-52 .kb-svg-icon-wrap{color:var(--global-palette9, #ffffff);font-size:30px;margin-bottom:20px;background:var(--global-palette1, #3182CE);border-color:#444444;border-width:0px;border-radius:50%;padding-top:20px;padding-right:20px;padding-bottom:20px;padding-left:20px;}<\/style>\n<div class=\"wp-block-kadence-single-icon kt-svg-style-stacked kt-svg-icon-wrap kt-svg-item-8_110f96-52\"><span class=\"kb-svg-icon-wrap kb-svg-icon-fas_phone\"><svg viewBox=\"0 0 512 512\"  fill=\"currentColor\" xmlns=\"http:\/\/www.w3.org\/2000\/svg\"  aria-hidden=\"true\"><path d=\"M493.4 24.6l-104-24c-11.3-2.6-22.9 3.3-27.5 13.9l-48 112c-4.2 9.8-1.4 21.3 6.9 28l60.6 49.6c-36 76.7-98.9 140.5-177.2 177.2l-49.6-60.6c-6.8-8.3-18.2-11.1-28-6.9l-112 48C3.9 366.5-2 378.1.6 389.4l24 104C27.1 504.2 36.7 512 48 512c256.1 0 464-207.5 464-464 0-11.2-7.7-20.9-18.6-23.4z\"\/><\/svg><\/span><\/div>\n<\/div>\n\n\n<style>.wp-block-kadence-advancedheading.kt-adv-heading8_6e27b9-03, .wp-block-kadence-advancedheading.kt-adv-heading8_6e27b9-03[data-kb-block=\"kb-adv-heading8_6e27b9-03\"]{text-align:center;font-style:normal;}.wp-block-kadence-advancedheading.kt-adv-heading8_6e27b9-03 mark.kt-highlight, .wp-block-kadence-advancedheading.kt-adv-heading8_6e27b9-03[data-kb-block=\"kb-adv-heading8_6e27b9-03\"] mark.kt-highlight{font-style:normal;color:#f76a0c;-webkit-box-decoration-break:clone;box-decoration-break:clone;padding-top:0px;padding-right:0px;padding-bottom:0px;padding-left:0px;}.wp-block-kadence-advancedheading.kt-adv-heading8_6e27b9-03 img.kb-inline-image, .wp-block-kadence-advancedheading.kt-adv-heading8_6e27b9-03[data-kb-block=\"kb-adv-heading8_6e27b9-03\"] img.kb-inline-image{width:150px;vertical-align:baseline;}<\/style>\n<h6 class=\"kt-adv-heading8_6e27b9-03 wp-block-kadence-advancedheading has-theme-palette-1-color has-text-color\" data-kb-block=\"kb-adv-heading8_6e27b9-03\"> Mobile<\/h6>\n\n\n<style>.wp-block-kadence-advancedheading.kt-adv-heading8_ee3abd-7c, .wp-block-kadence-advancedheading.kt-adv-heading8_ee3abd-7c[data-kb-block=\"kb-adv-heading8_ee3abd-7c\"]{text-align:center;font-size:28px;font-style:normal;}.wp-block-kadence-advancedheading.kt-adv-heading8_ee3abd-7c mark.kt-highlight, .wp-block-kadence-advancedheading.kt-adv-heading8_ee3abd-7c[data-kb-block=\"kb-adv-heading8_ee3abd-7c\"] mark.kt-highlight{font-style:normal;color:#f76a0c;-webkit-box-decoration-break:clone;box-decoration-break:clone;padding-top:0px;padding-right:0px;padding-bottom:0px;padding-left:0px;}.wp-block-kadence-advancedheading.kt-adv-heading8_ee3abd-7c img.kb-inline-image, .wp-block-kadence-advancedheading.kt-adv-heading8_ee3abd-7c[data-kb-block=\"kb-adv-heading8_ee3abd-7c\"] img.kb-inline-image{width:150px;vertical-align:baseline;}<\/style>\n<h4 class=\"kt-adv-heading8_ee3abd-7c wp-block-kadence-advancedheading has-theme-palette-3-color has-text-color\" data-kb-block=\"kb-adv-heading8_ee3abd-7c\">06 01 79 75 62<\/h4>\n<\/div><\/div>\n\n<\/div><\/div>","protected":false},"excerpt":{"rendered":"<p>Vous souhaitez des renseignements ? Les \u0153uvres expos\u00e9es dans ce site sont la propri\u00e9t\u00e9 intellectuelle de leurs auteurs. Contactez-nous pour plus de renseignements Si vous souhaitez nous joindre Email contact@ciampini.fr Mobile 06 01 79 75 62<\/p>\n","protected":false},"author":1,"featured_media":0,"parent":0,"menu_order":0,"comment_status":"closed","ping_status":"closed","template":"","meta":{"_kadence_starter_templates_imported_post":false,"_kad_post_transparent":"disable","_kad_post_title":"hide","_kad_post_layout":"narrow","_kad_post_sidebar_id":"","_kad_post_content_style":"","_kad_post_vertical_padding":"","_kad_post_feature":"","_kad_post_feature_position":"","_kad_post_header":false,"_kad_post_footer":false,"_kad_post_classname":"","footnotes":""},"class_list":["post-8","page","type-page","status-publish","hentry"],"_links":{"self":[{"href":"https:\/\/ciampini.fr\/index.php\/wp-json\/wp\/v2\/pages\/8","targetHints":{"allow":["GET"]}}],"collection":[{"href":"https:\/\/ciampini.fr\/index.php\/wp-json\/wp\/v2\/pages"}],"about":[{"href":"https:\/\/ciampini.fr\/index.php\/wp-json\/wp\/v2\/types\/page"}],"author":[{"embeddable":true,"href":"https:\/\/ciampini.fr\/index.php\/wp-json\/wp\/v2\/users\/1"}],"replies":[{"embeddable":true,"href":"https:\/\/ciampini.fr\/index.php\/wp-json\/wp\/v2\/comments?post=8"}],"version-history":[{"count":15,"href":"https:\/\/ciampini.fr\/index.php\/wp-json\/wp\/v2\/pages\/8\/revisions"}],"predecessor-version":[{"id":292,"href":"https:\/\/ciampini.fr\/index.php\/wp-json\/wp\/v2\/pages\/8\/revisions\/292"}],"wp:attachment":[{"href":"https:\/\/ciampini.fr\/index.php\/wp-json\/wp\/v2\/media?parent=8"}],"curies":[{"name":"wp","href":"https:\/\/api.w.org\/{rel}","templated":true}]}}