{"id":347,"date":"2024-04-02T14:58:02","date_gmt":"2024-04-02T12:58:02","guid":{"rendered":"https:\/\/ciampini.fr\/?page_id=347"},"modified":"2024-04-02T15:09:30","modified_gmt":"2024-04-02T13:09:30","slug":"les-rencontres","status":"publish","type":"page","link":"https:\/\/ciampini.fr\/index.php\/les-rencontres\/","title":{"rendered":"Les rencontres"},"content":{"rendered":"\n<p style=\"font-size:24px\">Nous exposons nos objets dans les foires, les march\u00e9s, les salons. Ces lieux nous permettent de  rencontrer d&rsquo;autres artisans, des commer\u00e7ants, et un public curieux et attentif. C&rsquo;est l\u00e0 que j&rsquo;ai crois\u00e9 les personnes pr\u00e9sentes dans cette rubrique. <\/p>\n\n\n\n<div class=\"wp-block-media-text is-stacked-on-mobile\" style=\"grid-template-columns:28% auto\"><figure class=\"wp-block-media-text__media\"><a href=\"https:\/\/www.instagram.com\/lartis_anne\/?img_index=1\" target=\"_blank\" rel=\"noreferrer noopener\"><img loading=\"lazy\" decoding=\"async\" width=\"553\" height=\"476\" src=\"https:\/\/ciampini.fr\/wp-content\/uploads\/2024\/04\/artis-anne-logo.jpg\" alt=\"\" class=\"wp-image-348 size-full\" srcset=\"https:\/\/ciampini.fr\/wp-content\/uploads\/2024\/04\/artis-anne-logo.jpg 553w, https:\/\/ciampini.fr\/wp-content\/uploads\/2024\/04\/artis-anne-logo-300x258.jpg 300w\" sizes=\"auto, (max-width: 553px) 100vw, 553px\" \/><\/a><\/figure><div class=\"wp-block-media-text__content\">\n<p>Anne est une artiste qui travaille sans rel\u00e2che. Ses mains essayent de suivre les milles et unes id\u00e9es qui lui passent par la t\u00eate et qui m&rsquo;\u00e9merveille \u00e0 chaque fois. Pour en profiter allez voir<a href=\"https:\/\/www.instagram.com\/lartis_anne\/?img_index=1\"> <\/a><a href=\"https:\/\/www.instagram.com\/lartis_anne\/?img_index=1\" target=\"_blank\" rel=\"noreferrer noopener\">sa page<\/a><a href=\"https:\/\/www.instagram.com\/lartis_anne\/?img_index=1\">.<\/a> et surtout encouragez la.<\/p>\n<\/div><\/div>\n\n\n\n<div class=\"wp-block-media-text is-stacked-on-mobile\" style=\"grid-template-columns:36% auto\"><figure class=\"wp-block-media-text__media\"><a href=\"https:\/\/www.facebook.com\/envoyageverssoi\"><img loading=\"lazy\" decoding=\"async\" width=\"1024\" height=\"345\" src=\"https:\/\/ciampini.fr\/wp-content\/uploads\/2024\/04\/en-voyage-vers-soi-1024x345.jpg\" alt=\"\" class=\"wp-image-352 size-full\" srcset=\"https:\/\/ciampini.fr\/wp-content\/uploads\/2024\/04\/en-voyage-vers-soi-1024x345.jpg 1024w, https:\/\/ciampini.fr\/wp-content\/uploads\/2024\/04\/en-voyage-vers-soi-300x101.jpg 300w, https:\/\/ciampini.fr\/wp-content\/uploads\/2024\/04\/en-voyage-vers-soi-768x259.jpg 768w, https:\/\/ciampini.fr\/wp-content\/uploads\/2024\/04\/en-voyage-vers-soi-1536x518.jpg 1536w, https:\/\/ciampini.fr\/wp-content\/uploads\/2024\/04\/en-voyage-vers-soi.jpg 1548w\" sizes=\"auto, (max-width: 1024px) 100vw, 1024px\" \/><\/a><\/figure><div class=\"wp-block-media-text__content\">\n<p>Magn\u00e9tiseuse, Sophrologue et Conseill\u00e8re agr\u00e9\u00e9e en Fleurs de Bach. Sur les \u00e9v\u00e8nements, Julie partage \u00e9galement ses connaissances des min\u00e9raux en  personnalisant des bracelets en pierres naturelles pour qu&rsquo;il correspondent aux attentes du public.<br>Suivez son actualit\u00e9 sur sa page <a href=\"https:\/\/www.facebook.com\/envoyageverssoi\" target=\"_blank\" rel=\"noreferrer noopener\">envoyageve<\/a><a href=\"https:\/\/www.facebook.com\/envoyageverssoi\">rssoi<\/a>, et visitez son site <a href=\"https:\/\/en-voyage-vers-soi.fr\/\" target=\"_blank\" rel=\"noreferrer noopener\">https:\/\/en-voyage-vers-soi.fr\/<\/a><\/p>\n<\/div><\/div>\n\n\n\n<div class=\"wp-block-media-text is-stacked-on-mobile\"><figure class=\"wp-block-media-text__media\"><a href=\"https:\/\/rucherdescressonnieres.fr\/\"><img loading=\"lazy\" decoding=\"async\" width=\"768\" height=\"358\" src=\"https:\/\/ciampini.fr\/wp-content\/uploads\/2024\/04\/Rucher-de-la-cressoniere.jpg\" alt=\"\" class=\"wp-image-358 size-full\" srcset=\"https:\/\/ciampini.fr\/wp-content\/uploads\/2024\/04\/Rucher-de-la-cressoniere.jpg 768w, https:\/\/ciampini.fr\/wp-content\/uploads\/2024\/04\/Rucher-de-la-cressoniere-300x140.jpg 300w\" sizes=\"auto, (max-width: 768px) 100vw, 768px\" \/><\/a><\/figure><div class=\"wp-block-media-text__content\">\n<p><em>Le savoir s&rsquo;accro\u00eet en le partageant. <\/em>&lsquo;Socrate&rsquo;. <br>Plus qu&rsquo;un apiculteur jean-marc est un philosophe qui n&rsquo;h\u00e9site pas \u00e0 partager son travaille avec ses amies les abeilles. Une rencontre des plus enrichissante.  <br>Son site :<a href=\" https:\/\/rucherdescressonnieres.fr\/\"> <\/a><a href=\"https:\/\/rucherdescressonnieres.fr\/\" target=\"_blank\" rel=\"noreferrer noopener\">https:\/\/rucherdescressonnieres.fr\/<\/a><\/p>\n<\/div><\/div>\n\n\n\n<div class=\"wp-block-media-text is-stacked-on-mobile\" style=\"grid-template-columns:37% auto\"><figure class=\"wp-block-media-text__media\"><a href=\"https:\/\/lherbierdesaintarnoult.sumupstore.com\/\" target=\"_blank\" rel=\"noreferrer noopener\"><img loading=\"lazy\" decoding=\"async\" width=\"632\" height=\"450\" src=\"https:\/\/ciampini.fr\/wp-content\/uploads\/2024\/04\/herbier-de-saint-arnoult.jpg\" alt=\"\" class=\"wp-image-363 size-full\" srcset=\"https:\/\/ciampini.fr\/wp-content\/uploads\/2024\/04\/herbier-de-saint-arnoult.jpg 632w, https:\/\/ciampini.fr\/wp-content\/uploads\/2024\/04\/herbier-de-saint-arnoult-300x214.jpg 300w\" sizes=\"auto, (max-width: 632px) 100vw, 632px\" \/><\/a><\/figure><div class=\"wp-block-media-text__content\">\n<p>\u00ab\u00a0Prendre soin de la Terre, prendre soin des Hommes, partager \u00e9quitablement les ressources\u00a0\u00bb, avec ces principes Jonathan nous emm\u00e8ne vers un demain plus serein.<\/p>\n\n\n\n<p><a href=\"https:\/\/lherbierdesaintarnoult.sumupstore.com\/\" target=\"_blank\" rel=\"noreferrer noopener\">l&rsquo;herbier de Saint-Arnoult <\/a><\/p>\n<\/div><\/div>\n","protected":false},"excerpt":{"rendered":"<p>Nous exposons nos objets dans les foires, les march\u00e9s, les salons. Ces lieux nous permettent de rencontrer d&rsquo;autres artisans, des commer\u00e7ants, et un public curieux et attentif. C&rsquo;est l\u00e0 que j&rsquo;ai crois\u00e9 les personnes pr\u00e9sentes dans cette rubrique. Anne est une artiste qui travaille sans rel\u00e2che. Ses mains essayent de suivre les milles et unes&#8230;<\/p>\n","protected":false},"author":1,"featured_media":0,"parent":0,"menu_order":0,"comment_status":"closed","ping_status":"closed","template":"","meta":{"_kadence_starter_templates_imported_post":false,"_kad_post_transparent":"enable","_kad_post_title":"","_kad_post_layout":"normal","_kad_post_sidebar_id":"","_kad_post_content_style":"","_kad_post_vertical_padding":"","_kad_post_feature":"","_kad_post_feature_position":"","_kad_post_header":false,"_kad_post_footer":false,"_kad_post_classname":"","footnotes":""},"class_list":["post-347","page","type-page","status-publish","hentry"],"_links":{"self":[{"href":"https:\/\/ciampini.fr\/index.php\/wp-json\/wp\/v2\/pages\/347","targetHints":{"allow":["GET"]}}],"collection":[{"href":"https:\/\/ciampini.fr\/index.php\/wp-json\/wp\/v2\/pages"}],"about":[{"href":"https:\/\/ciampini.fr\/index.php\/wp-json\/wp\/v2\/types\/page"}],"author":[{"embeddable":true,"href":"https:\/\/ciampini.fr\/index.php\/wp-json\/wp\/v2\/users\/1"}],"replies":[{"embeddable":true,"href":"https:\/\/ciampini.fr\/index.php\/wp-json\/wp\/v2\/comments?post=347"}],"version-history":[{"count":16,"href":"https:\/\/ciampini.fr\/index.php\/wp-json\/wp\/v2\/pages\/347\/revisions"}],"predecessor-version":[{"id":369,"href":"https:\/\/ciampini.fr\/index.php\/wp-json\/wp\/v2\/pages\/347\/revisions\/369"}],"wp:attachment":[{"href":"https:\/\/ciampini.fr\/index.php\/wp-json\/wp\/v2\/media?parent=347"}],"curies":[{"name":"wp","href":"https:\/\/api.w.org\/{rel}","templated":true}]}}